{"id":173,"date":"2026-04-10T19:04:08","date_gmt":"2026-04-10T23:04:08","guid":{"rendered":"https:\/\/oftalmologodeloeste.com\/staging\/8987\/?page_id=173"},"modified":"2026-04-13T09:38:24","modified_gmt":"2026-04-13T13:38:24","slug":"aviso-legal","status":"publish","type":"page","link":"https:\/\/oftalmologodeloeste.com\/staging\/8987\/aviso-legal\/","title":{"rendered":"Aviso Legal"},"content":{"rendered":"\t\t<div data-elementor-type=\"wp-page\" data-elementor-id=\"173\" class=\"elementor elementor-173\" data-elementor-post-type=\"page\">\n\t\t\t\t<div class=\"elementor-element elementor-element-85b46c1 e-flex e-con-boxed e-con e-parent\" data-id=\"85b46c1\" data-element_type=\"container\" data-e-type=\"container\">\n\t\t\t\t\t<div class=\"e-con-inner\">\n\t\t\t\t<div class=\"elementor-element elementor-element-631e442 elementor-widget elementor-widget-text-editor\" data-id=\"631e442\" data-element_type=\"widget\" data-e-type=\"widget\" data-widget_type=\"text-editor.default\">\n\t\t\t\t\t\t\t\t\t<div class=\"elementor-element elementor-element-f052381 elementor-widget elementor-widget-text-editor\" data-id=\"f052381\" data-element_type=\"widget\" data-e-type=\"widget\" data-widget_type=\"text-editor.default\"><p>El contenido presentado en el sitio web del\u00a0<strong>Instituto Oftalmol\u00f3gico Porta del Sol<\/strong>\u00a0tiene fines exclusivamente informativos y no constituye asesoramiento m\u00e9dico, diagn\u00f3stico ni tratamiento profesional. Aunque nos esforzamos por mantener la informaci\u00f3n actualizada y precisa, no garantizamos la exactitud, integridad o vigencia del contenido publicado. El uso de este sitio se realiza bajo su propio riesgo. El Instituto Oftalmol\u00f3gico Porta del Sol, sus directivos, empleados y afiliados no se responsabilizan por da\u00f1os directos, indirectos, incidentales o consecuentes que surjan del acceso, uso o imposibilidad de uso de este sitio web o de la confianza depositada en la informaci\u00f3n aqu\u00ed contenida. Este sitio puede incluir enlaces a p\u00e1ginas de terceros; no somos responsables por su contenido ni por pr\u00e1cticas que puedan considerarse enga\u00f1osas seg\u00fan las regulaciones aplicables en Puerto Rico . Al utilizar este sitio, usted acepta los t\u00e9rminos de este aviso legal, el cual se rige por las leyes del Estado Libre Asociado de Puerto Rico.<\/p><\/div><div class=\"elementor-element elementor-element-427c63a elementor-widget elementor-widget-spacer\" data-id=\"427c63a\" data-element_type=\"widget\" data-e-type=\"widget\" data-widget_type=\"spacer.default\"><div class=\"elementor-spacer\">\u00a0<\/div><\/div>\t\t\t\t\t\t\t\t<\/div>\n\t\t\t\t\t<\/div>\n\t\t\t\t<\/div>\n\t\t\t\t<\/div>\n\t\t","protected":false},"excerpt":{"rendered":"<p>El contenido presentado en el sitio web del\u00a0Instituto Oftalmol\u00f3gico Porta del Sol\u00a0tiene fines exclusivamente informativos y no constituye asesoramiento m\u00e9dico, diagn\u00f3stico ni tratamiento profesional. Aunque nos esforzamos por mantener la informaci\u00f3n actualizada y precisa, no garantizamos la exactitud, integridad o vigencia del contenido publicado. El uso de este sitio se realiza bajo su propio riesgo. [&hellip;]<\/p>\n","protected":false},"author":2,"featured_media":0,"parent":0,"menu_order":0,"comment_status":"closed","ping_status":"closed","template":"","meta":{"_acf_changed":false,"nf_dc_page":"","footnotes":""},"class_list":["post-173","page","type-page","status-publish","hentry"],"acf":[],"_links":{"self":[{"href":"https:\/\/oftalmologodeloeste.com\/staging\/8987\/wp-json\/wp\/v2\/pages\/173","targetHints":{"allow":["GET"]}}],"collection":[{"href":"https:\/\/oftalmologodeloeste.com\/staging\/8987\/wp-json\/wp\/v2\/pages"}],"about":[{"href":"https:\/\/oftalmologodeloeste.com\/staging\/8987\/wp-json\/wp\/v2\/types\/page"}],"author":[{"embeddable":true,"href":"https:\/\/oftalmologodeloeste.com\/staging\/8987\/wp-json\/wp\/v2\/users\/2"}],"replies":[{"embeddable":true,"href":"https:\/\/oftalmologodeloeste.com\/staging\/8987\/wp-json\/wp\/v2\/comments?post=173"}],"version-history":[{"count":4,"href":"https:\/\/oftalmologodeloeste.com\/staging\/8987\/wp-json\/wp\/v2\/pages\/173\/revisions"}],"predecessor-version":[{"id":542,"href":"https:\/\/oftalmologodeloeste.com\/staging\/8987\/wp-json\/wp\/v2\/pages\/173\/revisions\/542"}],"wp:attachment":[{"href":"https:\/\/oftalmologodeloeste.com\/staging\/8987\/wp-json\/wp\/v2\/media?parent=173"}],"curies":[{"name":"wp","href":"https:\/\/api.w.org\/{rel}","templated":true}]}}