{"id":163,"date":"2026-04-10T18:50:21","date_gmt":"2026-04-10T22:50:21","guid":{"rendered":"https:\/\/oftalmologodeloeste.com\/staging\/8987\/?page_id=163"},"modified":"2026-04-16T23:13:13","modified_gmt":"2026-04-17T03:13:13","slug":"servicios","status":"publish","type":"page","link":"https:\/\/oftalmologodeloeste.com\/staging\/8987\/servicios\/","title":{"rendered":"Servicios"},"content":{"rendered":"\t\t<div data-elementor-type=\"wp-page\" data-elementor-id=\"163\" class=\"elementor elementor-163\" data-elementor-post-type=\"page\">\n\t\t\t\t<div class=\"elementor-element elementor-element-3752588 e-flex e-con-boxed e-con e-parent\" data-id=\"3752588\" data-element_type=\"container\" data-e-type=\"container\">\n\t\t\t\t\t<div class=\"e-con-inner\">\n\t\t\t\t<div class=\"elementor-element elementor-element-971f04b elementor-widget elementor-widget-text-editor\" data-id=\"971f04b\" data-element_type=\"widget\" data-e-type=\"widget\" data-widget_type=\"text-editor.default\">\n\t\t\t\t\t\t\t\t\t<p>Le damos la bienvenida a nuestra p\u00e1gina de <em>Servicios.<\/em> Aqu\u00ed podr\u00e1 conocer las evaluaciones, tratamientos y procedimientos que ofrecemos para cuidar su salud visual. Desde las instalaciones del oftalm\u00f3logo en <strong>Moca, Puerto Rico<\/strong>, nuestro equipo combina tecnolog\u00eda moderna, experiencia cl\u00ednica y un trato humano para brindarle soluciones precisas y personalizadas. Le invitamos a explorar esta secci\u00f3n y descubrir c\u00f3mo podemos acompa\u00f1arle en cada etapa de su bienestar ocular.<\/p>\t\t\t\t\t\t\t\t<\/div>\n\t\t\t\t<div class=\"elementor-element elementor-element-6934417 elementor-widget elementor-widget-spacer\" data-id=\"6934417\" data-element_type=\"widget\" data-e-type=\"widget\" data-widget_type=\"spacer.default\">\n\t\t\t\t\t\t\t<div class=\"elementor-spacer\">\n\t\t\t<div class=\"elementor-spacer-inner\"><\/div>\n\t\t<\/div>\n\t\t\t\t\t\t<\/div>\n\t\t\t\t<div class=\"elementor-element elementor-element-772a5de elementor-widget elementor-widget-image\" data-id=\"772a5de\" data-element_type=\"widget\" data-e-type=\"widget\" data-widget_type=\"image.default\">\n\t\t\t\t\t\t\t\t\t\t\t\t\t\t\t<img loading=\"lazy\" decoding=\"async\" loading=\"lazy\" width=\"768\" height=\"512\" src=\"https:\/\/oftalmologodeloeste.com\/staging\/8987\/wp-content\/uploads\/2026\/04\/doctor-ophthalmologist-s-office-768x512.webp\" class=\"attachment-medium_large size-medium_large wp-image-52\" alt=\"Servicios del oftalm\u00f3logo del oeste.\" srcset=\"https:\/\/oftalmologodeloeste.com\/staging\/8987\/wp-content\/uploads\/2026\/04\/doctor-ophthalmologist-s-office-768x512.webp 768w, https:\/\/oftalmologodeloeste.com\/staging\/8987\/wp-content\/uploads\/2026\/04\/doctor-ophthalmologist-s-office-300x200.webp 300w, https:\/\/oftalmologodeloeste.com\/staging\/8987\/wp-content\/uploads\/2026\/04\/doctor-ophthalmologist-s-office-1024x683.webp 1024w, https:\/\/oftalmologodeloeste.com\/staging\/8987\/wp-content\/uploads\/2026\/04\/doctor-ophthalmologist-s-office-1536x1024.webp 1536w, https:\/\/oftalmologodeloeste.com\/staging\/8987\/wp-content\/uploads\/2026\/04\/doctor-ophthalmologist-s-office-2048x1365.webp 2048w\" sizes=\"auto, (max-width: 768px) 100vw, 768px\" \/>\t\t\t\t\t\t\t\t\t\t\t\t\t\t\t<\/div>\n\t\t\t\t<div class=\"elementor-element elementor-element-36aaf50 elementor-widget elementor-widget-spacer\" data-id=\"36aaf50\" data-element_type=\"widget\" data-e-type=\"widget\" data-widget_type=\"spacer.default\">\n\t\t\t\t\t\t\t<div class=\"elementor-spacer\">\n\t\t\t<div class=\"elementor-spacer-inner\"><\/div>\n\t\t<\/div>\n\t\t\t\t\t\t<\/div>\n\t\t\t\t\t<\/div>\n\t\t\t\t<\/div>\n\t\t<div class=\"elementor-element elementor-element-be8f20f e-flex e-con-boxed e-con e-parent\" data-id=\"be8f20f\" data-element_type=\"container\" data-e-type=\"container\">\n\t\t\t\t\t<div class=\"e-con-inner\">\n\t\t\t\t<div class=\"elementor-element elementor-element-34729b8 elementor-grid-1 elementor-posts--thumbnail-none elementor-grid-tablet-2 elementor-grid-mobile-1 elementor-widget elementor-widget-posts\" data-id=\"34729b8\" data-element_type=\"widget\" data-e-type=\"widget\" data-settings=\"{&quot;classic_columns&quot;:&quot;1&quot;,&quot;classic_columns_tablet&quot;:&quot;2&quot;,&quot;classic_columns_mobile&quot;:&quot;1&quot;,&quot;classic_row_gap&quot;:{&quot;unit&quot;:&quot;px&quot;,&quot;size&quot;:35,&quot;sizes&quot;:[]},&quot;classic_row_gap_tablet&quot;:{&quot;unit&quot;:&quot;px&quot;,&quot;size&quot;:&quot;&quot;,&quot;sizes&quot;:[]},&quot;classic_row_gap_mobile&quot;:{&quot;unit&quot;:&quot;px&quot;,&quot;size&quot;:&quot;&quot;,&quot;sizes&quot;:[]}}\" data-widget_type=\"posts.classic\">\n\t\t\t\t<div class=\"elementor-widget-container\">\n\t\t\t\t\t\t\t<div class=\"elementor-posts-container elementor-posts elementor-posts--skin-classic elementor-grid\" role=\"list\">\n\t\t\t\t<article class=\"elementor-post elementor-grid-item post-369 serrvicios_del_inst type-serrvicios_del_inst status-publish has-post-thumbnail hentry\" role=\"listitem\">\n\t\t\t\t<div class=\"elementor-post__text\">\n\t\t\t\t<h3 class=\"elementor-post__title\">\n\t\t\t<a href=\"https:\/\/oftalmologodeloeste.com\/staging\/8987\/serrvicios_del_inst\/exploracion-ocular-completa\/\" >\n\t\t\t\tExploraci\u00f3n ocular completa\t\t\t<\/a>\n\t\t<\/h3>\n\t\t\t\t<div class=\"elementor-post__excerpt\">\n\t\t\t<p>Evaluaci\u00f3n detallada de la salud visual y de las estructuras del ojo, que incluye revisi\u00f3n de agudeza visual, presi\u00f3n intraocular y examen del segmento anterior\t\t<\/div>\n\t\t\t\t<\/div>\n\t\t\t\t<\/article>\n\t\t\t\t<article class=\"elementor-post elementor-grid-item post-370 serrvicios_del_inst type-serrvicios_del_inst status-publish has-post-thumbnail hentry\" role=\"listitem\">\n\t\t\t\t<div class=\"elementor-post__text\">\n\t\t\t\t<h3 class=\"elementor-post__title\">\n\t\t\t<a href=\"https:\/\/oftalmologodeloeste.com\/staging\/8987\/serrvicios_del_inst\/recetar-lentes-correctoras\/\" >\n\t\t\t\tRecetar lentes correctoras\t\t\t<\/a>\n\t\t<\/h3>\n\t\t\t\t<div class=\"elementor-post__excerpt\">\n\t\t\t<p>Determinaci\u00f3n de la graduaci\u00f3n necesaria para mejorar la visi\u00f3n mediante espejuelos o lentes de contacto, seg\u00fan las necesidades visuales del paciente.<\/p>\t\t<\/div>\n\t\t\t\t<\/div>\n\t\t\t\t<\/article>\n\t\t\t\t<article class=\"elementor-post elementor-grid-item post-371 serrvicios_del_inst type-serrvicios_del_inst status-publish has-post-thumbnail hentry\" role=\"listitem\">\n\t\t\t\t<div class=\"elementor-post__text\">\n\t\t\t\t<h3 class=\"elementor-post__title\">\n\t\t\t<a href=\"https:\/\/oftalmologodeloeste.com\/staging\/8987\/serrvicios_del_inst\/diagnosticar-y-tratar-trastornos-oculares-comunes-y-complejos\/\" >\n\t\t\t\tDiagnosticar y tratar trastornos oculares comunes y complejos\t\t\t<\/a>\n\t\t<\/h3>\n\t\t\t\t<div class=\"elementor-post__excerpt\">\n\t\t\t<p>Identificaci\u00f3n de enfermedades como conjuntivitis, cataratas, glaucoma, alergias o problemas de retina, y aplicaci\u00f3n del tratamiento adecuado seg\u00fan la condici\u00f3n.<\/p>\t\t<\/div>\n\t\t\t\t<\/div>\n\t\t\t\t<\/article>\n\t\t\t\t<article class=\"elementor-post elementor-grid-item post-372 serrvicios_del_inst type-serrvicios_del_inst status-publish has-post-thumbnail hentry\" role=\"listitem\">\n\t\t\t\t<div class=\"elementor-post__text\">\n\t\t\t\t<h3 class=\"elementor-post__title\">\n\t\t\t<a href=\"https:\/\/oftalmologodeloeste.com\/staging\/8987\/serrvicios_del_inst\/cirugias-oculares\/\" >\n\t\t\t\tCirug\u00edas oculares\t\t\t<\/a>\n\t\t<\/h3>\n\t\t\t\t<div class=\"elementor-post__excerpt\">\n\t\t\t<p>Procedimientos quir\u00fargicos realizados para corregir o mejorar condiciones que afectan la visi\u00f3n, desde intervenciones menores hasta cirug\u00edas m\u00e1s especializadas.<\/p>\t\t<\/div>\n\t\t\t\t<\/div>\n\t\t\t\t<\/article>\n\t\t\t\t<article class=\"elementor-post elementor-grid-item post-373 serrvicios_del_inst type-serrvicios_del_inst status-publish has-post-thumbnail hentry\" role=\"listitem\">\n\t\t\t\t<div class=\"elementor-post__text\">\n\t\t\t\t<h3 class=\"elementor-post__title\">\n\t\t\t<a href=\"https:\/\/oftalmologodeloeste.com\/staging\/8987\/serrvicios_del_inst\/pruebas-revision-diagnostico-tratamiento-y-seguimiento-de-afecciones-oculares\/\" >\n\t\t\t\tPruebas, revisi\u00f3n, diagn\u00f3stico, tratamiento y seguimiento de afecciones oculares\t\t\t<\/a>\n\t\t<\/h3>\n\t\t\t\t<div class=\"elementor-post__excerpt\">\n\t\t\t<p>Proceso integral que incluye estudios diagn\u00f3sticos, evaluaci\u00f3n m\u00e9dica, tratamiento personalizado y monitoreo continuo para asegurar la mejor evoluci\u00f3n del paciente.<\/p>\t\t<\/div>\n\t\t\t\t<\/div>\n\t\t\t\t<\/article>\n\t\t\t\t<article class=\"elementor-post elementor-grid-item post-374 serrvicios_del_inst type-serrvicios_del_inst status-publish has-post-thumbnail hentry\" role=\"listitem\">\n\t\t\t\t<div class=\"elementor-post__text\">\n\t\t\t\t<h3 class=\"elementor-post__title\">\n\t\t\t<a href=\"https:\/\/oftalmologodeloeste.com\/staging\/8987\/serrvicios_del_inst\/prescripcion-de-lentes-correctivos-y-medicamentos-para-enfermedades-oculares\/\" >\n\t\t\t\tPrescripci\u00f3n de lentes correctivos y medicamentos para enfermedades oculares\t\t\t<\/a>\n\t\t<\/h3>\n\t\t\t\t<div class=\"elementor-post__excerpt\">\n\t\t\t<p>Indicaci\u00f3n de la graduaci\u00f3n visual adecuada y de medicamentos como gotas oculares para tratar infecciones, inflamaciones, alergias u otras condiciones.<\/p>\t\t<\/div>\n\t\t\t\t<\/div>\n\t\t\t\t<\/article>\n\t\t\t\t<article class=\"elementor-post elementor-grid-item post-375 serrvicios_del_inst type-serrvicios_del_inst status-publish has-post-thumbnail hentry\" role=\"listitem\">\n\t\t\t\t<div class=\"elementor-post__text\">\n\t\t\t\t<h3 class=\"elementor-post__title\">\n\t\t\t<a href=\"https:\/\/oftalmologodeloeste.com\/staging\/8987\/serrvicios_del_inst\/cirugia-de-cataratas\/\" >\n\t\t\t\tCirug\u00eda de cataratas\t\t\t<\/a>\n\t\t<\/h3>\n\t\t\t\t<div class=\"elementor-post__excerpt\">\n\t\t\t<p>Procedimiento para remover el cristalino opaco y reemplazarlo por una lente intraocular clara, restaurando la visi\u00f3n afectada por la catarata.<\/p>\t\t<\/div>\n\t\t\t\t<\/div>\n\t\t\t\t<\/article>\n\t\t\t\t<article class=\"elementor-post elementor-grid-item post-376 serrvicios_del_inst type-serrvicios_del_inst status-publish has-post-thumbnail hentry\" role=\"listitem\">\n\t\t\t\t<div class=\"elementor-post__text\">\n\t\t\t\t<h3 class=\"elementor-post__title\">\n\t\t\t<a href=\"https:\/\/oftalmologodeloeste.com\/staging\/8987\/serrvicios_del_inst\/cirugia-refractiva-para-corregir-la-vision\/\" >\n\t\t\t\tCirug\u00eda refractiva para corregir la visi\u00f3n\t\t\t<\/a>\n\t\t<\/h3>\n\t\t\t\t<div class=\"elementor-post__excerpt\">\n\t\t\t<p>Intervenciones como LASIK o PRK dise\u00f1adas para reducir o eliminar la necesidad de espejuelos o lentes de contacto corrigiendo miop\u00eda, hipermetrop\u00eda o astigmatismo.<\/p>\t\t<\/div>\n\t\t\t\t<\/div>\n\t\t\t\t<\/article>\n\t\t\t\t<article class=\"elementor-post elementor-grid-item post-377 serrvicios_del_inst type-serrvicios_del_inst status-publish has-post-thumbnail hentry\" role=\"listitem\">\n\t\t\t\t<div class=\"elementor-post__text\">\n\t\t\t\t<h3 class=\"elementor-post__title\">\n\t\t\t<a href=\"https:\/\/oftalmologodeloeste.com\/staging\/8987\/serrvicios_del_inst\/cirugia-de-glaucoma\/\" >\n\t\t\t\tCirug\u00eda de glaucoma\t\t\t<\/a>\n\t\t<\/h3>\n\t\t\t\t<div class=\"elementor-post__excerpt\">\n\t\t\t<p>Procedimientos destinados a reducir la presi\u00f3n intraocular cuando los tratamientos convencionales no son suficientes, protegiendo el nervio \u00f3ptico y la visi\u00f3n.<\/p>\t\t<\/div>\n\t\t\t\t<\/div>\n\t\t\t\t<\/article>\n\t\t\t\t<\/div>\n\t\t\n\t\t\t\t\t\t<\/div>\n\t\t\t\t<\/div>\n\t\t\t\t<div class=\"elementor-element elementor-element-cff97f7 elementor-widget elementor-widget-spacer\" data-id=\"cff97f7\" data-element_type=\"widget\" data-e-type=\"widget\" data-widget_type=\"spacer.default\">\n\t\t\t\t\t\t\t<div class=\"elementor-spacer\">\n\t\t\t<div class=\"elementor-spacer-inner\"><\/div>\n\t\t<\/div>\n\t\t\t\t\t\t<\/div>\n\t\t\t\t<div class=\"elementor-element elementor-element-637be2a elementor-widget elementor-widget-text-editor\" data-id=\"637be2a\" data-element_type=\"widget\" data-e-type=\"widget\" data-widget_type=\"text-editor.default\">\n\t\t\t\t\t\t\t\t\t<h3><strong>Otros tratamientos y procedimientos<\/strong><\/h3><p>Incluyen terapias para ojo seco, manejo de alergias oculares, extracci\u00f3n de chalaziones, tratamientos con l\u00e1ser y otros servicios especializados seg\u00fan la necesidad del paciente.<\/p>\t\t\t\t\t\t\t\t<\/div>\n\t\t\t\t\t<\/div>\n\t\t\t\t<\/div>\n\t\t\t\t<\/div>\n\t\t","protected":false},"excerpt":{"rendered":"<p>Le damos la bienvenida a nuestra p\u00e1gina de Servicios. Aqu\u00ed podr\u00e1 conocer las evaluaciones, tratamientos y procedimientos que ofrecemos para cuidar su salud visual. Desde las instalaciones del oftalm\u00f3logo en Moca, Puerto Rico, nuestro equipo combina tecnolog\u00eda moderna, experiencia cl\u00ednica y un trato humano para brindarle soluciones precisas y personalizadas. Le invitamos a explorar esta [&hellip;]<\/p>\n","protected":false},"author":2,"featured_media":0,"parent":0,"menu_order":0,"comment_status":"closed","ping_status":"closed","template":"","meta":{"_acf_changed":false,"nf_dc_page":"","footnotes":""},"class_list":["post-163","page","type-page","status-publish","hentry"],"acf":[],"_links":{"self":[{"href":"https:\/\/oftalmologodeloeste.com\/staging\/8987\/wp-json\/wp\/v2\/pages\/163","targetHints":{"allow":["GET"]}}],"collection":[{"href":"https:\/\/oftalmologodeloeste.com\/staging\/8987\/wp-json\/wp\/v2\/pages"}],"about":[{"href":"https:\/\/oftalmologodeloeste.com\/staging\/8987\/wp-json\/wp\/v2\/types\/page"}],"author":[{"embeddable":true,"href":"https:\/\/oftalmologodeloeste.com\/staging\/8987\/wp-json\/wp\/v2\/users\/2"}],"replies":[{"embeddable":true,"href":"https:\/\/oftalmologodeloeste.com\/staging\/8987\/wp-json\/wp\/v2\/comments?post=163"}],"version-history":[{"count":37,"href":"https:\/\/oftalmologodeloeste.com\/staging\/8987\/wp-json\/wp\/v2\/pages\/163\/revisions"}],"predecessor-version":[{"id":787,"href":"https:\/\/oftalmologodeloeste.com\/staging\/8987\/wp-json\/wp\/v2\/pages\/163\/revisions\/787"}],"wp:attachment":[{"href":"https:\/\/oftalmologodeloeste.com\/staging\/8987\/wp-json\/wp\/v2\/media?parent=163"}],"curies":[{"name":"wp","href":"https:\/\/api.w.org\/{rel}","templated":true}]}}