{"id":157,"date":"2026-04-10T18:49:23","date_gmt":"2026-04-10T22:49:23","guid":{"rendered":"https:\/\/oftalmologodeloeste.com\/staging\/8987\/?page_id=157"},"modified":"2026-04-14T13:03:02","modified_gmt":"2026-04-14T17:03:02","slug":"nosotros","status":"publish","type":"page","link":"https:\/\/oftalmologodeloeste.com\/staging\/8987\/nosotros\/","title":{"rendered":"Nosotros"},"content":{"rendered":"\t\t<div data-elementor-type=\"wp-page\" data-elementor-id=\"157\" class=\"elementor elementor-157\" data-elementor-post-type=\"page\">\n\t\t\t\t<div class=\"elementor-element elementor-element-4950e64 e-flex e-con-boxed e-con e-parent\" data-id=\"4950e64\" data-element_type=\"container\" data-e-type=\"container\">\n\t\t\t\t\t<div class=\"e-con-inner\">\n\t\t\t\t<div class=\"elementor-element elementor-element-2ce46c4 elementor-widget elementor-widget-text-editor\" data-id=\"2ce46c4\" data-element_type=\"widget\" data-e-type=\"widget\" data-widget_type=\"text-editor.default\">\n\t\t\t\t\t\t\t\t\t<p>El <strong>Instituto Oftalmol\u00f3gico Porta del Sol<\/strong> le invita a conocer nuestra <em>Misi\u00f3n y Visi\u00f3n<\/em>, los principios que gu\u00edan cada aspecto de nuestro trabajo y reflejan el compromiso del <em>oftalm\u00f3logo del oeste<\/em> y su equipo con la excelencia en el cuidado visual. Desde nuestro consultorio en <strong>Moca, Puerto Rico<\/strong>, aspiramos a ofrecer servicios oftalmol\u00f3gicos de la m\u00e1s alta calidad, integrando tecnolog\u00eda moderna, experiencia cl\u00ednica y un trato profundamente humano. Le animamos a explorar esta secci\u00f3n para comprender la filosof\u00eda que impulsa nuestro quehacer diario y la raz\u00f3n por la que tantos pacientes conf\u00edan en nosotros para proteger su salud ocular.<\/p>\t\t\t\t\t\t\t\t<\/div>\n\t\t\t\t<div class=\"elementor-element elementor-element-03c386d elementor-widget elementor-widget-spacer\" data-id=\"03c386d\" data-element_type=\"widget\" data-e-type=\"widget\" data-widget_type=\"spacer.default\">\n\t\t\t\t\t\t\t<div class=\"elementor-spacer\">\n\t\t\t<div class=\"elementor-spacer-inner\"><\/div>\n\t\t<\/div>\n\t\t\t\t\t\t<\/div>\n\t\t\t\t\t<\/div>\n\t\t\t\t<\/div>\n\t\t<div class=\"elementor-element elementor-element-744f8c9e e-flex e-con-boxed e-con e-parent\" data-id=\"744f8c9e\" data-element_type=\"container\" data-e-type=\"container\">\n\t\t\t\t\t<div class=\"e-con-inner\">\n\t\t\t\t<div class=\"elementor-element elementor-element-7b5501d9 elementor-widget elementor-widget-heading\" data-id=\"7b5501d9\" data-element_type=\"widget\" data-e-type=\"widget\" data-widget_type=\"heading.default\">\n\t\t\t\t\t<h2 class=\"elementor-heading-title elementor-size-default\">Misi\u00f3n<\/h2>\t\t\t\t<\/div>\n\t\t\t\t<div class=\"elementor-element elementor-element-772b41d7 elementor-widget elementor-widget-text-editor\" data-id=\"772b41d7\" data-element_type=\"widget\" data-e-type=\"widget\" data-widget_type=\"text-editor.default\">\n\t\t\t\t\t\t\t\t\t<p>Brindar a los habitantes del \u00e1rea oeste de Puerto Rico servicios de salud oftalmol\u00f3gica de la m\u00e1s alta calidad, integrando tecnolog\u00eda avanzada con una atenci\u00f3n humana, cercana y respetuosa. Nuestro compromiso es ofrecer diagn\u00f3sticos precisos, tratamientos efectivos y un acompa\u00f1amiento profesional que refleje los valores y la calidez que distinguen al pueblo puertorrique\u00f1o.<\/p>\t\t\t\t\t\t\t\t<\/div>\n\t\t\t\t<div class=\"elementor-element elementor-element-5ace5b5 elementor-widget elementor-widget-spacer\" data-id=\"5ace5b5\" data-element_type=\"widget\" data-e-type=\"widget\" data-widget_type=\"spacer.default\">\n\t\t\t\t\t\t\t<div class=\"elementor-spacer\">\n\t\t\t<div class=\"elementor-spacer-inner\"><\/div>\n\t\t<\/div>\n\t\t\t\t\t\t<\/div>\n\t\t\t\t<div class=\"elementor-element elementor-element-c58b457 elementor-widget elementor-widget-heading\" data-id=\"c58b457\" data-element_type=\"widget\" data-e-type=\"widget\" data-widget_type=\"heading.default\">\n\t\t\t\t\t<h2 class=\"elementor-heading-title elementor-size-default\">Visi\u00f3n<\/h2>\t\t\t\t<\/div>\n\t\t\t\t<div class=\"elementor-element elementor-element-111735a elementor-widget elementor-widget-text-editor\" data-id=\"111735a\" data-element_type=\"widget\" data-e-type=\"widget\" data-widget_type=\"text-editor.default\">\n\t\t\t\t\t\t\t\t\t<p>Ser el instituto oftalmol\u00f3gico l\u00edder en el \u00e1rea oeste de Puerto Rico, reconocido por la excelencia cl\u00ednica, la innovaci\u00f3n tecnol\u00f3gica y la atenci\u00f3n personalizada. Aspiramos a mejorar la salud visual de nuestra comunidad mediante servicios accesibles, confiables y guiados por un profundo sentido de responsabilidad y humanidad.<\/p>\t\t\t\t\t\t\t\t<\/div>\n\t\t\t\t<div class=\"elementor-element elementor-element-b20c630 elementor-widget elementor-widget-spacer\" data-id=\"b20c630\" data-element_type=\"widget\" data-e-type=\"widget\" data-widget_type=\"spacer.default\">\n\t\t\t\t\t\t\t<div class=\"elementor-spacer\">\n\t\t\t<div class=\"elementor-spacer-inner\"><\/div>\n\t\t<\/div>\n\t\t\t\t\t\t<\/div>\n\t\t\t\t\t<\/div>\n\t\t\t\t<\/div>\n\t\t\t\t<\/div>\n\t\t","protected":false},"excerpt":{"rendered":"<p>El Instituto Oftalmol\u00f3gico Porta del Sol le invita a conocer nuestra Misi\u00f3n y Visi\u00f3n, los principios que gu\u00edan cada aspecto de nuestro trabajo y reflejan el compromiso del oftalm\u00f3logo del oeste y su equipo con la excelencia en el cuidado visual. Desde nuestro consultorio en Moca, Puerto Rico, aspiramos a ofrecer servicios oftalmol\u00f3gicos de la [&hellip;]<\/p>\n","protected":false},"author":2,"featured_media":0,"parent":0,"menu_order":0,"comment_status":"closed","ping_status":"closed","template":"","meta":{"_acf_changed":false,"nf_dc_page":"","footnotes":""},"class_list":["post-157","page","type-page","status-publish","hentry"],"acf":[],"_links":{"self":[{"href":"https:\/\/oftalmologodeloeste.com\/staging\/8987\/wp-json\/wp\/v2\/pages\/157","targetHints":{"allow":["GET"]}}],"collection":[{"href":"https:\/\/oftalmologodeloeste.com\/staging\/8987\/wp-json\/wp\/v2\/pages"}],"about":[{"href":"https:\/\/oftalmologodeloeste.com\/staging\/8987\/wp-json\/wp\/v2\/types\/page"}],"author":[{"embeddable":true,"href":"https:\/\/oftalmologodeloeste.com\/staging\/8987\/wp-json\/wp\/v2\/users\/2"}],"replies":[{"embeddable":true,"href":"https:\/\/oftalmologodeloeste.com\/staging\/8987\/wp-json\/wp\/v2\/comments?post=157"}],"version-history":[{"count":31,"href":"https:\/\/oftalmologodeloeste.com\/staging\/8987\/wp-json\/wp\/v2\/pages\/157\/revisions"}],"predecessor-version":[{"id":651,"href":"https:\/\/oftalmologodeloeste.com\/staging\/8987\/wp-json\/wp\/v2\/pages\/157\/revisions\/651"}],"wp:attachment":[{"href":"https:\/\/oftalmologodeloeste.com\/staging\/8987\/wp-json\/wp\/v2\/media?parent=157"}],"curies":[{"name":"wp","href":"https:\/\/api.w.org\/{rel}","templated":true}]}}