{"id":153,"date":"2026-04-10T18:48:49","date_gmt":"2026-04-10T22:48:49","guid":{"rendered":"https:\/\/oftalmologodeloeste.com\/staging\/8987\/?page_id=153"},"modified":"2026-04-14T12:59:04","modified_gmt":"2026-04-14T16:59:04","slug":"equipo","status":"publish","type":"page","link":"https:\/\/oftalmologodeloeste.com\/staging\/8987\/equipo\/","title":{"rendered":"Equipo"},"content":{"rendered":"\t\t<div data-elementor-type=\"wp-page\" data-elementor-id=\"153\" class=\"elementor elementor-153\" data-elementor-post-type=\"page\">\n\t\t\t\t<div class=\"elementor-element elementor-element-2f207f7 e-flex e-con-boxed e-con e-parent\" data-id=\"2f207f7\" data-element_type=\"container\" data-e-type=\"container\">\n\t\t\t\t\t<div class=\"e-con-inner\">\n\t\t\t\t<div class=\"elementor-element elementor-element-e10f5af elementor-widget elementor-widget-text-editor\" data-id=\"e10f5af\" data-element_type=\"widget\" data-e-type=\"widget\" data-widget_type=\"text-editor.default\">\n\t\t\t\t\t\t\t\t\t<p>El <strong>Instituto Oftalmol\u00f3gico Porta del Sol<\/strong> le invita a conocer al equipo humano que acompa\u00f1a al <em>oftalm\u00f3logo del oeste<\/em>, un grupo de profesionales comprometidos con brindar una atenci\u00f3n visual de excelencia. Desde nuestras instalaciones en <strong>Moca, Puerto Rico<\/strong>, cada miembro del equipo aporta experiencia, dedicaci\u00f3n y un trato c\u00e1lido que refleja los valores de nuestro instituto. Le animamos a explorar esta secci\u00f3n y descubrir a las personas que, con profesionalismo y empat\u00eda, trabajan d\u00eda a d\u00eda para cuidar su salud ocular.<\/p>\t\t\t\t\t\t\t\t<\/div>\n\t\t\t\t<div class=\"elementor-element elementor-element-8d4c9cc elementor-widget elementor-widget-spacer\" data-id=\"8d4c9cc\" data-element_type=\"widget\" data-e-type=\"widget\" data-widget_type=\"spacer.default\">\n\t\t\t\t\t\t\t<div class=\"elementor-spacer\">\n\t\t\t<div class=\"elementor-spacer-inner\"><\/div>\n\t\t<\/div>\n\t\t\t\t\t\t<\/div>\n\t\t\t\t\t<\/div>\n\t\t\t\t<\/div>\n\t\t<div class=\"elementor-element elementor-element-28285ac e-flex e-con-boxed e-con e-parent\" data-id=\"28285ac\" data-element_type=\"container\" data-e-type=\"container\">\n\t\t\t\t\t<div class=\"e-con-inner\">\n\t\t\t\t<div class=\"elementor-element elementor-element-58c8c36 elementor-widget elementor-widget-image\" data-id=\"58c8c36\" data-element_type=\"widget\" data-e-type=\"widget\" data-widget_type=\"image.default\">\n\t\t\t\t\t\t\t\t\t\t\t\t\t\t\t<img loading=\"lazy\" decoding=\"async\" loading=\"lazy\" width=\"245\" height=\"300\" src=\"https:\/\/oftalmologodeloeste.com\/staging\/8987\/wp-content\/uploads\/2026\/04\/alberto-245x300.webp\" class=\"attachment-medium size-medium wp-image-417\" alt=\"El oftalm\u00f3logo del oeste.\" srcset=\"https:\/\/oftalmologodeloeste.com\/staging\/8987\/wp-content\/uploads\/2026\/04\/alberto-245x300.webp 245w, https:\/\/oftalmologodeloeste.com\/staging\/8987\/wp-content\/uploads\/2026\/04\/alberto.webp 540w\" sizes=\"auto, (max-width: 245px) 100vw, 245px\" \/>\t\t\t\t\t\t\t\t\t\t\t\t\t\t\t<\/div>\n\t\t\t\t<div class=\"elementor-element elementor-element-c0a27e2 elementor-widget elementor-widget-heading\" data-id=\"c0a27e2\" data-element_type=\"widget\" data-e-type=\"widget\" data-widget_type=\"heading.default\">\n\t\t\t\t\t<h2 class=\"elementor-heading-title elementor-size-default\">Dr Alberto Ortiz-Arroyo<\/h2>\t\t\t\t<\/div>\n\t\t\t\t<div class=\"elementor-element elementor-element-352d548 elementor-widget elementor-widget-text-editor\" data-id=\"352d548\" data-element_type=\"widget\" data-e-type=\"widget\" data-widget_type=\"text-editor.default\">\n\t\t\t\t\t\t\t\t\t<p>El <strong>Dr. Alberto Ortiz\u2011Arroyo<\/strong>, oftalm\u00f3logo y CEO del Instituto Oftalmol\u00f3gico Porta del Sol, cuenta con una amplia trayectoria en el diagn\u00f3stico y tratamiento de condiciones oculares, combinando experiencia cl\u00ednica, liderazgo y un compromiso genuino con la salud visual de la comunidad. Su pr\u00e1ctica integra conocimiento especializado, tecnolog\u00eda moderna y un enfoque humano que distingue la atenci\u00f3n que ofrece el instituto.<\/p>\t\t\t\t\t\t\t\t<\/div>\n\t\t\t\t\t<\/div>\n\t\t\t\t<\/div>\n\t\t\t\t<\/div>\n\t\t","protected":false},"excerpt":{"rendered":"<p>El Instituto Oftalmol\u00f3gico Porta del Sol le invita a conocer al equipo humano que acompa\u00f1a al oftalm\u00f3logo del oeste, un grupo de profesionales comprometidos con brindar una atenci\u00f3n visual de excelencia. Desde nuestras instalaciones en Moca, Puerto Rico, cada miembro del equipo aporta experiencia, dedicaci\u00f3n y un trato c\u00e1lido que refleja los valores de nuestro [&hellip;]<\/p>\n","protected":false},"author":2,"featured_media":0,"parent":0,"menu_order":0,"comment_status":"closed","ping_status":"closed","template":"","meta":{"_acf_changed":false,"nf_dc_page":"","footnotes":""},"class_list":["post-153","page","type-page","status-publish","hentry"],"acf":[],"_links":{"self":[{"href":"https:\/\/oftalmologodeloeste.com\/staging\/8987\/wp-json\/wp\/v2\/pages\/153","targetHints":{"allow":["GET"]}}],"collection":[{"href":"https:\/\/oftalmologodeloeste.com\/staging\/8987\/wp-json\/wp\/v2\/pages"}],"about":[{"href":"https:\/\/oftalmologodeloeste.com\/staging\/8987\/wp-json\/wp\/v2\/types\/page"}],"author":[{"embeddable":true,"href":"https:\/\/oftalmologodeloeste.com\/staging\/8987\/wp-json\/wp\/v2\/users\/2"}],"replies":[{"embeddable":true,"href":"https:\/\/oftalmologodeloeste.com\/staging\/8987\/wp-json\/wp\/v2\/comments?post=153"}],"version-history":[{"count":13,"href":"https:\/\/oftalmologodeloeste.com\/staging\/8987\/wp-json\/wp\/v2\/pages\/153\/revisions"}],"predecessor-version":[{"id":648,"href":"https:\/\/oftalmologodeloeste.com\/staging\/8987\/wp-json\/wp\/v2\/pages\/153\/revisions\/648"}],"wp:attachment":[{"href":"https:\/\/oftalmologodeloeste.com\/staging\/8987\/wp-json\/wp\/v2\/media?parent=153"}],"curies":[{"name":"wp","href":"https:\/\/api.w.org\/{rel}","templated":true}]}}