{"id":151,"date":"2026-04-10T18:48:36","date_gmt":"2026-04-10T22:48:36","guid":{"rendered":"https:\/\/oftalmologodeloeste.com\/staging\/8987\/?page_id=151"},"modified":"2026-04-14T10:58:34","modified_gmt":"2026-04-14T14:58:34","slug":"contacto","status":"publish","type":"page","link":"https:\/\/oftalmologodeloeste.com\/staging\/8987\/contacto\/","title":{"rendered":"Contacto"},"content":{"rendered":"\t\t<div data-elementor-type=\"wp-page\" data-elementor-id=\"151\" class=\"elementor elementor-151\" data-elementor-post-type=\"page\">\n\t\t\t\t<div class=\"elementor-element elementor-element-1c1b0c5 e-flex e-con-boxed e-con e-parent\" data-id=\"1c1b0c5\" data-element_type=\"container\" data-e-type=\"container\">\n\t\t\t\t\t<div class=\"e-con-inner\">\n\t\t\t\t<div class=\"elementor-element elementor-element-d6062a2 elementor-widget elementor-widget-text-editor\" data-id=\"d6062a2\" data-element_type=\"widget\" data-e-type=\"widget\" data-widget_type=\"text-editor.default\">\n\t\t\t\t\t\t\t\t\t<p>El <strong>Instituto Oftalmol\u00f3gico Porta del Sol<\/strong> le da la bienvenida a nuestra p\u00e1gina de <em>Contacto<\/em>, el punto de encuentro para comunicarse directamente con el equipo del <em>oftalm\u00f3logo del oeste<\/em>. Desde nuestro consultorio en <strong>Moca, Puerto Rico<\/strong>, estamos comprometidos con ofrecerle una atenci\u00f3n cercana, profesional y accesible. Aqu\u00ed encontrar\u00e1 toda la informaci\u00f3n necesaria para <a href=\"tel:7874636992\">llamarnos<\/a>, <a href=\"mailto:info@oftalmologodeloeste.com\">escribirnos<\/a> o visitarnos, y as\u00ed coordinar su cita o aclarar cualquier duda relacionada con su salud visual. Le invitamos a comunicarse con nosotros y dar el pr\u00f3ximo paso hacia un cuidado oftalmol\u00f3gico de confianza.<\/p>\t\t\t\t\t\t\t\t<\/div>\n\t\t\t\t<div class=\"elementor-element elementor-element-dcc1672 elementor-widget elementor-widget-spacer\" data-id=\"dcc1672\" data-element_type=\"widget\" data-e-type=\"widget\" data-widget_type=\"spacer.default\">\n\t\t\t\t\t\t\t<div class=\"elementor-spacer\">\n\t\t\t<div class=\"elementor-spacer-inner\"><\/div>\n\t\t<\/div>\n\t\t\t\t\t\t<\/div>\n\t\t\t\t\t<\/div>\n\t\t\t\t<\/div>\n\t\t<div class=\"elementor-element elementor-element-8040a19 e-flex e-con-boxed e-con e-parent\" data-id=\"8040a19\" data-element_type=\"container\" data-e-type=\"container\">\n\t\t\t\t\t<div class=\"e-con-inner\">\n\t\t<div class=\"elementor-element elementor-element-13434aa e-con-full e-flex e-con e-child\" data-id=\"13434aa\" data-element_type=\"container\" data-e-type=\"container\">\n\t\t\t\t<div class=\"elementor-element elementor-element-f1057d7 elementor-widget elementor-widget-google_maps\" data-id=\"f1057d7\" data-element_type=\"widget\" data-e-type=\"widget\" data-widget_type=\"google_maps.default\">\n\t\t\t\t\t\t\t<div class=\"elementor-custom-embed\">\n\t\t\t<iframe loading=\"lazy\"\n\t\t\t\t\tsrc=\"https:\/\/maps.google.com\/maps?q=326%20calle%20Jes%C3%BAs%20Ramos%20Moca%2C%20PR%2000676&#038;t=m&#038;z=20&#038;output=embed&#038;iwloc=near\"\n\t\t\t\t\ttitle=\"326 calle Jes\u00fas Ramos Moca, PR 00676\"\n\t\t\t\t\taria-label=\"326 calle Jes\u00fas Ramos Moca, PR 00676\"\n\t\t\t><\/iframe>\n\t\t<\/div>\n\t\t\t\t\t\t<\/div>\n\t\t\t\t<\/div>\n\t\t<div class=\"elementor-element elementor-element-cf8d604 e-con-full e-flex e-con e-child\" data-id=\"cf8d604\" data-element_type=\"container\" data-e-type=\"container\">\n\t\t\t\t<div class=\"elementor-element elementor-element-5b2cb23 elementor-widget elementor-widget-heading\" data-id=\"5b2cb23\" data-element_type=\"widget\" data-e-type=\"widget\" data-widget_type=\"heading.default\">\n\t\t\t\t\t<h2 class=\"elementor-heading-title elementor-size-default\"><a href=\"tel:7874636992\">(787) 463-6992<\/a><\/h2>\t\t\t\t<\/div>\n\t\t\t\t<div class=\"elementor-element elementor-element-105704b elementor-widget elementor-widget-heading\" data-id=\"105704b\" data-element_type=\"widget\" data-e-type=\"widget\" data-widget_type=\"heading.default\">\n\t\t\t\t\t<h2 class=\"elementor-heading-title elementor-size-default\"><a href=\"mailto:info@oftalmologodeloeste.com\">info@oftalmologodeloeste.com<\/a><\/h2>\t\t\t\t<\/div>\n\t\t\t\t<\/div>\n\t\t\t\t\t<\/div>\n\t\t\t\t<\/div>\n\t\t\t\t<\/div>\n\t\t","protected":false},"excerpt":{"rendered":"<p>El Instituto Oftalmol\u00f3gico Porta del Sol le da la bienvenida a nuestra p\u00e1gina de Contacto, el punto de encuentro para comunicarse directamente con el equipo del oftalm\u00f3logo del oeste. Desde nuestro consultorio en Moca, Puerto Rico, estamos comprometidos con ofrecerle una atenci\u00f3n cercana, profesional y accesible. Aqu\u00ed encontrar\u00e1 toda la informaci\u00f3n necesaria para llamarnos, escribirnos [&hellip;]<\/p>\n","protected":false},"author":2,"featured_media":0,"parent":0,"menu_order":0,"comment_status":"closed","ping_status":"closed","template":"","meta":{"_acf_changed":false,"nf_dc_page":"","footnotes":""},"class_list":["post-151","page","type-page","status-publish","hentry"],"acf":[],"_links":{"self":[{"href":"https:\/\/oftalmologodeloeste.com\/staging\/8987\/wp-json\/wp\/v2\/pages\/151","targetHints":{"allow":["GET"]}}],"collection":[{"href":"https:\/\/oftalmologodeloeste.com\/staging\/8987\/wp-json\/wp\/v2\/pages"}],"about":[{"href":"https:\/\/oftalmologodeloeste.com\/staging\/8987\/wp-json\/wp\/v2\/types\/page"}],"author":[{"embeddable":true,"href":"https:\/\/oftalmologodeloeste.com\/staging\/8987\/wp-json\/wp\/v2\/users\/2"}],"replies":[{"embeddable":true,"href":"https:\/\/oftalmologodeloeste.com\/staging\/8987\/wp-json\/wp\/v2\/comments?post=151"}],"version-history":[{"count":25,"href":"https:\/\/oftalmologodeloeste.com\/staging\/8987\/wp-json\/wp\/v2\/pages\/151\/revisions"}],"predecessor-version":[{"id":629,"href":"https:\/\/oftalmologodeloeste.com\/staging\/8987\/wp-json\/wp\/v2\/pages\/151\/revisions\/629"}],"wp:attachment":[{"href":"https:\/\/oftalmologodeloeste.com\/staging\/8987\/wp-json\/wp\/v2\/media?parent=151"}],"curies":[{"name":"wp","href":"https:\/\/api.w.org\/{rel}","templated":true}]}}